{"id":5283,"date":"2025-01-28T20:18:12","date_gmt":"2025-01-28T20:18:12","guid":{"rendered":"https:\/\/marabooth.ca\/?page_id=5283"},"modified":"2025-06-04T15:29:15","modified_gmt":"2025-06-04T15:29:15","slug":"politique-de-confidentialite","status":"publish","type":"page","link":"https:\/\/marabooth.ca\/en_ca\/privacy-policy\/","title":{"rendered":"Consent Policy - Bill 25"},"content":{"rendered":"<div data-elementor-type=\"wp-page\" data-elementor-id=\"5283\" class=\"elementor elementor-5283\" data-elementor-post-type=\"page\">\n\t\t\t\t\t\t<section class=\"elementor-section elementor-top-section elementor-element elementor-element-24c89d9a elementor-section-boxed elementor-section-height-default elementor-section-height-default\" data-id=\"24c89d9a\" data-element_type=\"section\" data-e-type=\"section\">\n\t\t\t\t\t\t<div class=\"elementor-container elementor-column-gap-default\">\n\t\t\t\t\t<div class=\"elementor-column elementor-col-100 elementor-top-column elementor-element elementor-element-3624f02b\" data-id=\"3624f02b\" data-element_type=\"column\" data-e-type=\"column\">\n\t\t\t<div class=\"elementor-widget-wrap elementor-element-populated\">\n\t\t\t\t\t\t<div class=\"elementor-element elementor-element-3e66086 elementor-widget elementor-widget-text-editor\" data-id=\"3e66086\" data-element_type=\"widget\" data-e-type=\"widget\" data-widget_type=\"text-editor.default\">\n\t\t\t\t\t\t\t\t\t\n<p>Last update: June 4, 2025<\/p>\n\n<p>At <strong>Location Marabooth INC<\/strong>The protection of your personal information is a priority. In accordance with <strong>Quebec Bill 25<\/strong> privacy policy, we explain here how we collect, use and protect your data.<\/p>\n<hr class=\"wp-block-separator has-alpha-channel-opacity\" \/>\n<h2 class=\"wp-block-heading\">Privacy Officer<\/h2>\n\n<p><strong>Name<\/strong> Vincent Guesn\u00e9<br \/><strong>Function<\/strong> CTO - Chairman<br \/><strong>E-mail<\/strong> : <a>allo@marabooth.ca<\/a><br \/><strong>Phone number<\/strong> : (438) 803-6272<\/p>\n<hr class=\"wp-block-separator has-alpha-channel-opacity\" \/>\n<h2 class=\"wp-block-heading\">Personal information collected<\/h2>\n\n<p>We collect the following information:<\/p>\n\n<ul class=\"wp-block-list\">\n<li>First and last name<\/li>\n\n<li>Email address<\/li>\n\n<li>Phone number<\/li>\n\n<li>Postal address<\/li>\n<\/ul>\n\n<p>This data is collected in order to process requests for quotations and, occasionally, to send special offers or promotions.<\/p>\n<hr class=\"wp-block-separator has-alpha-channel-opacity\" \/>\n<h2 class=\"wp-block-heading\">Collection method<\/h2>\n\n<p>Data is collected via :<\/p>\n\n<ul class=\"wp-block-list\">\n<li>A <strong>form<\/strong> request for quotation form<\/li>\n\n<li>From <strong>analysis and marketing tools<\/strong> such as cookies and pixels (e.g. GA4, Facebook)<\/li>\n<\/ul>\n<hr class=\"wp-block-separator has-alpha-channel-opacity\" \/>\n<h2 class=\"wp-block-heading\">Use of information<\/h2>\n\n<p>Your personal information is used for :<\/p>\n\n<ul class=\"wp-block-list\">\n<li>Responding to your requests<\/li>\n\n<li>Send you promotional e-mails (if you have consented)<\/li>\n\n<li>Customize and improve our advertising campaigns<\/li>\n<\/ul>\n<hr class=\"wp-block-separator has-alpha-channel-opacity\" \/>\n<h2 class=\"wp-block-heading\">Communication to third parties<\/h2>\n\n<p>We use certain advertising and analysis tools, including :<\/p>\n\n<ul class=\"wp-block-list\">\n<li><strong>Google Analytics<\/strong><\/li>\n\n<li><strong>Google Ads<\/strong><\/li>\n\n<li><strong>Facebook Ads<\/strong><\/li>\n<\/ul>\n\n<p>These services may transfer data outside Canada, notably to the United States. However, we <strong>no personally identifiable information such as last name, first name, address or telephone number is shared<\/strong> with these third parties.<\/p>\n<hr class=\"wp-block-separator has-alpha-channel-opacity\" \/>\n<h2 class=\"wp-block-heading\">Shelf life<\/h2>\n\n<p>We retain your information for as long as is necessary for the purposes for which it was collected. You may request the deletion of your data at any time by writing to <a>allo@marabooth.ca<\/a>.<\/p>\n<hr class=\"wp-block-separator has-alpha-channel-opacity\" \/>\n<h2 class=\"wp-block-heading\">Consent<\/h2>\n\n<p>Consent to the use of cookies is obtained via a <strong>WARNING BAND<\/strong> when you first visit our site.<\/p>\n\n<p>You can <strong>withdraw or modify your consent<\/strong> at any time by adjusting the parameters in this banner.<\/p>\n<hr class=\"wp-block-separator has-alpha-channel-opacity\" \/>\n<h2 class=\"wp-block-heading\">Your rights<\/h2>\n\n<p>You have the following rights:<\/p>\n\n<ul class=\"wp-block-list\">\n<li><strong>Go to<\/strong> to your information<\/li>\n\n<li><strong>Correct<\/strong> any inaccurate information<\/li>\n\n<li><strong>Request removal<\/strong> of your data<\/li>\n\n<li><strong>Withdraw your consent<\/strong><\/li>\n<\/ul>\n\n<p>To exercise these rights, please contact us at <a>allo@marabooth.ca<\/a><\/p>\n<hr class=\"wp-block-separator has-alpha-channel-opacity\" \/>\n<h2 class=\"wp-block-heading\">Data security<\/h2>\n\n<p>Your information is stored on the secure servers of our CRM provider. This data is not accessible by Marabooth employees. We implement technical and organizational security measures to protect your information.<\/p>\n\t\t\t\t\t\t\t\t<\/div>\n\t\t\t\t\t<\/div>\n\t\t<\/div>\n\t\t\t\t\t<\/div>\n\t\t<\/section>\n\t\t\t\t<\/div>","protected":false},"excerpt":{"rendered":"<p>Derni\u00e8re mise \u00e0 jour : 4 juin 2025 Chez Location Marabooth INC, la protection de vos renseignements personnels est une priorit\u00e9. Conform\u00e9ment \u00e0 la Loi 25 du Qu\u00e9bec sur la protection des renseignements personnels, nous vous expliquons ici comment nous recueillons, utilisons et prot\u00e9geons vos donn\u00e9es. Responsable de la protection des renseignements personnels Nom : [&hellip;]<\/p>\n","protected":false},"author":1,"featured_media":0,"parent":0,"menu_order":0,"comment_status":"closed","ping_status":"closed","template":"","meta":{"_seopress_robots_primary_cat":"","_seopress_titles_title":"","_seopress_titles_desc":"","_seopress_robots_index":"yes","_uag_custom_page_level_css":"","site-sidebar-layout":"default","site-content-layout":"","ast-site-content-layout":"default","site-content-style":"default","site-sidebar-style":"default","ast-global-header-display":"","ast-banner-title-visibility":"","ast-main-header-display":"","ast-hfb-above-header-display":"","ast-hfb-below-header-display":"","ast-hfb-mobile-header-display":"","site-post-title":"","ast-breadcrumbs-content":"","ast-featured-img":"","footer-sml-layout":"","ast-disable-related-posts":"","theme-transparent-header-meta":"","adv-header-id-meta":"","stick-header-meta":"","header-above-stick-meta":"","header-main-stick-meta":"","header-below-stick-meta":"","astra-migrate-meta-layouts":"set","ast-page-background-enabled":"default","ast-page-background-meta":{"desktop":{"background-color":"","background-image":"","background-repeat":"repeat","background-position":"center center","background-size":"auto","background-attachment":"scroll","background-type":"","background-media":"","overlay-type":"","overlay-color":"","overlay-opacity":"","overlay-gradient":""},"tablet":{"background-color":"","background-image":"","background-repeat":"repeat","background-position":"center center","background-size":"auto","background-attachment":"scroll","background-type":"","background-media":"","overlay-type":"","overlay-color":"","overlay-opacity":"","overlay-gradient":""},"mobile":{"background-color":"","background-image":"","background-repeat":"repeat","background-position":"center center","background-size":"auto","background-attachment":"scroll","background-type":"","background-media":"","overlay-type":"","overlay-color":"","overlay-opacity":"","overlay-gradient":""}},"ast-content-background-meta":{"desktop":{"background-color":"var(--ast-global-color-5)","background-image":"","background-repeat":"repeat","background-position":"center center","background-size":"auto","background-attachment":"scroll","background-type":"","background-media":"","overlay-type":"","overlay-color":"","overlay-opacity":"","overlay-gradient":""},"tablet":{"background-color":"var(--ast-global-color-5)","background-image":"","background-repeat":"repeat","background-position":"center center","background-size":"auto","background-attachment":"scroll","background-type":"","background-media":"","overlay-type":"","overlay-color":"","overlay-opacity":"","overlay-gradient":""},"mobile":{"background-color":"var(--ast-global-color-5)","background-image":"","background-repeat":"repeat","background-position":"center center","background-size":"auto","background-attachment":"scroll","background-type":"","background-media":"","overlay-type":"","overlay-color":"","overlay-opacity":"","overlay-gradient":""}},"footnotes":""},"class_list":["post-5283","page","type-page","status-publish","hentry"],"uagb_featured_image_src":{"full":false,"thumbnail":false,"medium":false,"medium_large":false,"large":false,"1536x1536":false,"2048x2048":false,"trp-custom-language-flag":false,"gform-image-choice-sm":false,"gform-image-choice-md":false,"gform-image-choice-lg":false},"uagb_author_info":{"display_name":"photomaton","author_link":"https:\/\/marabooth.ca\/en_ca\/author\/photomaton\/"},"uagb_comment_info":0,"uagb_excerpt":"Derni\u00e8re mise \u00e0 jour : 4 juin 2025 Chez Location Marabooth INC, la protection de vos renseignements personnels est une priorit\u00e9. Conform\u00e9ment \u00e0 la Loi 25 du Qu\u00e9bec sur la protection des renseignements personnels, nous vous expliquons ici comment nous recueillons, utilisons et prot\u00e9geons vos donn\u00e9es. Responsable de la protection des renseignements personnels Nom :&hellip;","_links":{"self":[{"href":"https:\/\/marabooth.ca\/en_ca\/wp-json\/wp\/v2\/pages\/5283","targetHints":{"allow":["GET"]}}],"collection":[{"href":"https:\/\/marabooth.ca\/en_ca\/wp-json\/wp\/v2\/pages"}],"about":[{"href":"https:\/\/marabooth.ca\/en_ca\/wp-json\/wp\/v2\/types\/page"}],"author":[{"embeddable":true,"href":"https:\/\/marabooth.ca\/en_ca\/wp-json\/wp\/v2\/users\/1"}],"replies":[{"embeddable":true,"href":"https:\/\/marabooth.ca\/en_ca\/wp-json\/wp\/v2\/comments?post=5283"}],"version-history":[{"count":0,"href":"https:\/\/marabooth.ca\/en_ca\/wp-json\/wp\/v2\/pages\/5283\/revisions"}],"wp:attachment":[{"href":"https:\/\/marabooth.ca\/en_ca\/wp-json\/wp\/v2\/media?parent=5283"}],"curies":[{"name":"wp","href":"https:\/\/api.w.org\/{rel}","templated":true}]}}