{"id":3785,"date":"2024-02-06T01:37:02","date_gmt":"2024-02-06T01:37:02","guid":{"rendered":"https:\/\/marabooth.ca\/?page_id=3785"},"modified":"2024-02-07T03:11:56","modified_gmt":"2024-02-07T03:11:56","slug":"location-photobooth-pour-votre-mariage","status":"publish","type":"page","link":"https:\/\/marabooth.ca\/en_ca\/rental-photobooth-for-your-wedding\/","title":{"rendered":"Photobooth rental for your wedding"},"content":{"rendered":"<div data-elementor-type=\"wp-page\" data-elementor-id=\"3785\" class=\"elementor elementor-3785\" data-elementor-post-type=\"page\">\n\t\t\t\t\t\t<section class=\"elementor-section elementor-top-section elementor-element elementor-element-b004b41 elementor-section-boxed elementor-section-height-default elementor-section-height-default\" data-id=\"b004b41\" data-element_type=\"section\" data-e-type=\"section\" data-settings=\"{&quot;background_background&quot;:&quot;classic&quot;}\">\n\t\t\t\t\t\t<div class=\"elementor-container elementor-column-gap-default\">\n\t\t\t\t\t<div class=\"elementor-column elementor-col-100 elementor-top-column elementor-element elementor-element-abdb057\" data-id=\"abdb057\" data-element_type=\"column\" data-e-type=\"column\">\n\t\t\t<div class=\"elementor-widget-wrap elementor-element-populated\">\n\t\t\t\t\t\t<div class=\"elementor-element elementor-element-450956f elementor-widget elementor-widget-heading\" data-id=\"450956f\" data-element_type=\"widget\" data-e-type=\"widget\" data-widget_type=\"heading.default\">\n\t\t\t\t\t<h2 class=\"elementor-heading-title elementor-size-default\">Photobooth rental for your wedding<\/h2>\t\t\t\t<\/div>\n\t\t\t\t<div class=\"elementor-element elementor-element-5e3a370 elementor-widget elementor-widget-text-editor\" data-id=\"5e3a370\" data-element_type=\"widget\" data-e-type=\"widget\" data-widget_type=\"text-editor.default\">\n\t\t\t\t\t\t\t\t\t<p><strong>Marabooth<\/strong> offers you the perfect package for your wedding.\u00a0<\/p>\t\t\t\t\t\t\t\t<\/div>\n\t\t\t\t<section class=\"elementor-section elementor-inner-section elementor-element elementor-element-650d200 elementor-section-boxed elementor-section-height-default elementor-section-height-default\" data-id=\"650d200\" data-element_type=\"section\" data-e-type=\"section\">\n\t\t\t\t\t\t<div class=\"elementor-container elementor-column-gap-default\">\n\t\t\t\t\t<div class=\"elementor-column elementor-col-50 elementor-inner-column elementor-element elementor-element-3334062\" data-id=\"3334062\" data-element_type=\"column\" data-e-type=\"column\">\n\t\t\t<div class=\"elementor-widget-wrap elementor-element-populated\">\n\t\t\t\t\t\t<div class=\"elementor-element elementor-element-cf529f7 elementor-widget__width-inherit uael-price-features-simple elementor-widget elementor-widget-uael-price-table\" data-id=\"cf529f7\" data-element_type=\"widget\" data-e-type=\"widget\" data-widget_type=\"uael-price-table.default\">\n\t\t\t\t<div class=\"elementor-widget-container\">\n\t\t\t\t\t\t<div class=\"uael-module-content uael-price-table-container uael-pricing-style-1\">\n\t\t<div class=\"uael-price-table\">\n\t\t\t\t\t\t\t<div class=\"uael-price-table-header\">\n\t\t\t\t\t<div class=\"uael-pricing-heading-wrap\">\n\t\t\t\t\t\t\t\t\t\t\t\t\t\t\t\t<div class=\"uael-price-heading-text\">\n\t\t\t\t\t<h3 class=\"uael-price-table-heading elementor-inline-editing\" data-elementor-setting-key=\"heading\" data-elementor-inline-editing-toolbar=\"basic\">MADE-TO-MEASURE\t\t\t\t\t<\/h3>\n\t\t\t\t<\/div>\n\t\t\t\t\t\t\t\t\t\t\t\t\t<div class=\"uael-price-subheading-text\">\n\t\t\t\t\t\t\t\t\t<p class=\"uael-price-table-subheading elementor-inline-editing\" data-elementor-setting-key=\"sub_heading\" data-elementor-inline-editing-toolbar=\"basic\">\n\t\t\t\t\t\tKeep memories of the happiest day of your life.\t\t\t\t\t<\/p>\n\t\t\t\t\t\t\t<\/div>\n\t\t\t\t\t\t\t\t<\/div>\n\t\t\t\t<\/div>\n\t\t\t\t\t\t\t\t\n\t\t\t\t\t<div class=\"uael-price-table-price-wrap\">\n\t\t\t<div class=\"uael-price-table-pricing\">\n\t\t\t\t<div class=\"uael-pricing-container\" data-strike-tooltip=\"\" data-strike-tooltip-position=\"\" data-strike-tooltip-hide=\"\">\n\t\t\t\t\t\t\t\t\t\t\t\t\t\t\t<div class=\"uael-pricing-value\">\n\t\t\t\t\t\t\n\t\t\t\t\t\t\t\t\t\t\t\t\t<span class=\"uael-price-table-currency\">&#036;<\/span> \t\t\t\t\t\t\n\t\t\t\t\t\t\t\t\t\t\t\t\t\t\t\t\t\t\t\t<span class=\"uael-price-table-integer-part\">899<\/span>\n\t\t\t\t\t\t\n\t\t\t\t\t\t\t\t\t\t\t<\/div>\n\t\t\t\t\t\t\t\t\t\t\t\t\t\t\t\t\t\t<div class=\"uael-pricing-duration\">\n\t\t\t\t\t\t\t\t<span class=\"uael-price-table-duration uael-price-typo-excluded elementor-inline-editing\" data-elementor-setting-key=\"duration\" data-elementor-inline-editing-toolbar=\"basic\">Unlimited duration<\/span>\t\t\t\t\t\t\t<\/div>\n\t\t\t\t\t\t\t\t\t\t\t\t\t\t\t<\/div>\n\t\t\t<\/div>\n\t\t<\/div>\n\t\t\t\t\t\n\t\t\t<ul class=\"uael-price-table-features-list\" data-side=\"\" data-hotspottrigger=\"\" data-arrow=\"\" data-distance=\"6\" data-delay=\"300\" data-animation=\"\" data-animduration=\"350\" data-zindex=\"99\" data-length=\"7\" data-tooltip-maxwidth=\"250\" data-tooltip-minwidth=\"0\" data-tooltip-responsive=\"\" data-enable-tooltip=\"\" >\n\t\t\t\t\t\t\t\t\t\t\t\t\t\t<li class=\"elementor-repeater-item-3b64267 odd odd-tc\">\n\t\t\t\t\t\t<div class=\"uael-price-table-feature-content\"data-tooltip-content=\"#uael-tooltip-content-cf529f7-3b64267\">\n\t\t\t\t\t\t\t\t\t\t\t\t\t\t\t\t\t\t\t\t\t\t\t\t\t\t\t\t<span >400 impressions<\/span>\n\t\t\t\t\t\t\t\t\t\t\t\t\t\t<\/div>\n\t\t\t\t\t<\/li>\n\t\t\t\t\t\t\t\t\t\t\t\t\t\t\t\t\t\t\t<li class=\"elementor-repeater-item-7b61571 even even-tc\">\n\t\t\t\t\t\t<div class=\"uael-price-table-feature-content uael-price-table-content-cf529f7\"data-tooltip-content=\"#uael-tooltip-content-cf529f7-7b61571\">\n\t\t\t\t\t\t\t\t\t\t\t\t\t\t\t\t\t\t\t\t\t\t\t\t\t\t\t\t<span >Wedding photo model<\/span>\n\t\t\t\t\t\t\t\t\t\t\t\t\t\t<\/div>\n\t\t\t\t\t<\/li>\n\t\t\t\t\t\t\t\t\t\t\t\t\t\t\t\t\t\t\t<li class=\"elementor-repeater-item-36c03ce odd odd-tc\">\n\t\t\t\t\t\t<div class=\"uael-price-table-feature-content uael-price-table-content-cf529f7\"data-tooltip-content=\"#uael-tooltip-content-cf529f7-36c03ce\">\n\t\t\t\t\t\t\t\t\t\t\t\t\t\t\t\t\t\t\t\t\t\t\t\t\t\t\t\t<span >Backdrop<\/span>\n\t\t\t\t\t\t\t\t\t\t\t\t\t\t<\/div>\n\t\t\t\t\t<\/li>\n\t\t\t\t\t\t\t\t\t\t\t\t\t\t\t\t\t\t\t<li class=\"elementor-repeater-item-9ede6b4 even even-tc\">\n\t\t\t\t\t\t<div class=\"uael-price-table-feature-content uael-price-table-content-cf529f7\"data-tooltip-content=\"#uael-tooltip-content-cf529f7-9ede6b4\">\n\t\t\t\t\t\t\t\t\t\t\t\t\t\t\t\t\t\t\t\t\t\t\t\t\t\t\t\t<span >Send by e-mail<\/span>\n\t\t\t\t\t\t\t\t\t\t\t\t\t\t<\/div>\n\t\t\t\t\t<\/li>\n\t\t\t\t\t\t\t\t\t\t\t\t\t\t\t\t\t\t\t<li class=\"elementor-repeater-item-ebabba5 odd odd-tc\">\n\t\t\t\t\t\t<div class=\"uael-price-table-feature-content uael-price-table-content-cf529f7\"data-tooltip-content=\"#uael-tooltip-content-cf529f7-ebabba5\">\n\t\t\t\t\t\t\t\t\t\t\t\t\t\t\t\t\t\t\t\t\t\t\t\t\t\t\t\t<span >Red carpet<\/span>\n\t\t\t\t\t\t\t\t\t\t\t\t\t\t<\/div>\n\t\t\t\t\t<\/li>\n\t\t\t\t\t\t\t\t\t\t\t\t\t\t\t\t\t\t\t<li class=\"elementor-repeater-item-0b1ce43 even even-tc\">\n\t\t\t\t\t\t<div class=\"uael-price-table-feature-content uael-price-table-content-cf529f7\"data-tooltip-content=\"#uael-tooltip-content-cf529f7-0b1ce43\">\n\t\t\t\t\t\t\t\t\t\t\t\t\t\t\t\t\t\t\t\t\t\t\t\t\t\t\t\t<span >Crowd posts<\/span>\n\t\t\t\t\t\t\t\t\t\t\t\t\t\t<\/div>\n\t\t\t\t\t<\/li>\n\t\t\t\t\t\t\t\t\t\t\t\t\t\t\t\t\t\t\t<li class=\"elementor-repeater-item-7e475d0 odd odd-tc\">\n\t\t\t\t\t\t<div class=\"uael-price-table-feature-content uael-price-table-content-cf529f7\"data-tooltip-content=\"#uael-tooltip-content-cf529f7-7e475d0\">\n\t\t\t\t\t\t\t\t\t\t\t\t\t\t\t\t\t\t\t\t\t\t\t\t\t\t\t\t<span >Audio Guest Book<\/span>\n\t\t\t\t\t\t\t\t\t\t\t\t\t\t<\/div>\n\t\t\t\t\t<\/li>\n\t\t\t\t\t\t\t\t\t\t\t\t<\/ul>\n\t\t\t\t\t\t\t\t\t\t<div class=\"uael-price-table-cta\">\n\t\t\t\t\t\t\t\t\t\t\t\t\t\t\t<div class=\"uael-button-wrapper elementor-widget-button\">\n\t\t\t\t<a class=\"elementor-button-link  elementor-button elementor-size-lg\" href=\"#\">\n\t\t\t\t\t\t\t\t\t\t\t\t\t\t\t\t\t\t\t\t\t<span class=\"elementor-button-text elementor-inline-editing\"  data-elementor-setting-key=\"cta_text\" data-elementor-inline-editing-toolbar=\"none\">Book now<\/span>\n\t\t\t\t\t\t\t\t\t\t\t\t\t\t<span class=\"elementor-button-icon uael-cta-link-icon uael-cta-link-icon-after\">\n\t\t\t\t\t\t\t\t\t<\/span>\n\t\t\t\t\t\t\t\t\t\t\t\t\t\t<\/a>\n\t\t\t<\/div>\n\t\t\t\t\t\t\t\t\n\t\t\t\t\t\t\t\t\t<\/div>\n\t\t\t\t\t\t<\/div>\n\t\t\t<\/div>\n\t\t\t\t\t<\/div>\n\t\t\t\t<\/div>\n\t\t\t\t<div class=\"elementor-element elementor-element-6c55c83 elementor-widget elementor-widget-text-editor\" data-id=\"6c55c83\" data-element_type=\"widget\" data-e-type=\"widget\" data-widget_type=\"text-editor.default\">\n\t\t\t\t\t\t\t\t\t<p>Your <strong>marriage<\/strong> is an important event for you. Whether you're a wedding planner or organizing your own incredible day. <strong>Marabooth<\/strong> is the specialist in <strong>Photobooth<\/strong> for weddings. Benefit from a professional and friendly experience to make your day the most beautiful.<\/p>\t\t\t\t\t\t\t\t<\/div>\n\t\t\t\t\t<\/div>\n\t\t<\/div>\n\t\t\t\t<div class=\"elementor-column elementor-col-50 elementor-inner-column elementor-element elementor-element-59ce1d1\" data-id=\"59ce1d1\" data-element_type=\"column\" data-e-type=\"column\">\n\t\t\t<div class=\"elementor-widget-wrap elementor-element-populated\">\n\t\t\t\t\t\t<div class=\"elementor-element elementor-element-96a0974 uael-img-grid__column-2 uael-img-grid-tablet__column-3 uael-img-grid-mobile__column-2 uael-ins-normal elementor-widget elementor-widget-uael-image-gallery\" data-id=\"96a0974\" data-element_type=\"widget\" data-e-type=\"widget\" data-settings=\"{&quot;gallery_columns&quot;:&quot;2&quot;,&quot;gallery_columns_tablet&quot;:&quot;3&quot;,&quot;gallery_columns_mobile&quot;:&quot;2&quot;,&quot;column_gap&quot;:{&quot;unit&quot;:&quot;px&quot;,&quot;size&quot;:20,&quot;sizes&quot;:[]},&quot;column_gap_tablet&quot;:{&quot;unit&quot;:&quot;px&quot;,&quot;size&quot;:&quot;&quot;,&quot;sizes&quot;:[]},&quot;column_gap_mobile&quot;:{&quot;unit&quot;:&quot;px&quot;,&quot;size&quot;:&quot;&quot;,&quot;sizes&quot;:[]},&quot;row_gap&quot;:{&quot;unit&quot;:&quot;px&quot;,&quot;size&quot;:20,&quot;sizes&quot;:[]},&quot;row_gap_tablet&quot;:{&quot;unit&quot;:&quot;px&quot;,&quot;size&quot;:&quot;&quot;,&quot;sizes&quot;:[]},&quot;row_gap_mobile&quot;:{&quot;unit&quot;:&quot;px&quot;,&quot;size&quot;:&quot;&quot;,&quot;sizes&quot;:[]}}\" data-widget_type=\"uael-image-gallery.default\">\n\t\t\t\t<div class=\"elementor-widget-container\">\n\t\t\t\t\t<div class=\"uael-gallery-parent uael-caption- uael-gallery-unjustified\"><div class=\"uael-img-gallery-wrap uael-img-masonry-wrap uael-img-grid-masonry-wrap uael-masonry\" data-filter-default=\"All\"><div class=\"uael-grid-item  uael-img-gallery-item-1\"><div class=\"uael-grid-item-content\"><figure class=\"uael-grid-img uael-grid-gallery-img uael-ins-hover elementor-clickable\"><div class=\"uael-grid-img-thumbnail uael-ins-target\"><img fetchpriority=\"high\" decoding=\"async\" width=\"1600\" height=\"1068\" src=\"https:\/\/marabooth.ca\/wp-content\/uploads\/2023\/06\/location-de-livre-dor-audio-2.jpg\" class=\"attachment-full size-full wp-image-3653\" alt=\"Audio Guestbook rental\" srcset=\"https:\/\/marabooth.ca\/wp-content\/uploads\/2023\/06\/location-de-livre-dor-audio-2.jpg 1600w, https:\/\/marabooth.ca\/wp-content\/uploads\/2023\/06\/location-de-livre-dor-audio-2-300x200.jpg 300w, https:\/\/marabooth.ca\/wp-content\/uploads\/2023\/06\/location-de-livre-dor-audio-2-1024x684.jpg 1024w, https:\/\/marabooth.ca\/wp-content\/uploads\/2023\/06\/location-de-livre-dor-audio-2-768x513.jpg 768w, https:\/\/marabooth.ca\/wp-content\/uploads\/2023\/06\/location-de-livre-dor-audio-2-1536x1025.jpg 1536w, https:\/\/marabooth.ca\/wp-content\/uploads\/2023\/06\/location-de-livre-dor-audio-2-18x12.jpg 18w\" sizes=\"(max-width: 1600px) 100vw, 1600px\" \/><\/div><div class=\"uael-grid-img-overlay\"><\/div><\/figure><\/div><\/div><div class=\"uael-grid-item  uael-img-gallery-item-2\"><div class=\"uael-grid-item-content\"><figure class=\"uael-grid-img uael-grid-gallery-img uael-ins-hover elementor-clickable\"><div class=\"uael-grid-img-thumbnail uael-ins-target\"><img decoding=\"async\" width=\"1600\" height=\"1067\" src=\"https:\/\/marabooth.ca\/wp-content\/uploads\/2023\/06\/location-de-livre-dor-audio-1.jpg\" class=\"attachment-full size-full wp-image-3652\" alt=\"Audio Guestbook rental\" srcset=\"https:\/\/marabooth.ca\/wp-content\/uploads\/2023\/06\/location-de-livre-dor-audio-1.jpg 1600w, https:\/\/marabooth.ca\/wp-content\/uploads\/2023\/06\/location-de-livre-dor-audio-1-300x200.jpg 300w, https:\/\/marabooth.ca\/wp-content\/uploads\/2023\/06\/location-de-livre-dor-audio-1-1024x683.jpg 1024w, https:\/\/marabooth.ca\/wp-content\/uploads\/2023\/06\/location-de-livre-dor-audio-1-768x512.jpg 768w, https:\/\/marabooth.ca\/wp-content\/uploads\/2023\/06\/location-de-livre-dor-audio-1-1536x1024.jpg 1536w, https:\/\/marabooth.ca\/wp-content\/uploads\/2023\/06\/location-de-livre-dor-audio-1-18x12.jpg 18w\" sizes=\"(max-width: 1600px) 100vw, 1600px\" \/><\/div><div class=\"uael-grid-img-overlay\"><\/div><\/figure><\/div><\/div><div class=\"uael-grid-item  uael-img-gallery-item-3\"><div class=\"uael-grid-item-content\"><figure class=\"uael-grid-img uael-grid-gallery-img uael-ins-hover elementor-clickable\"><div class=\"uael-grid-img-thumbnail uael-ins-target\"><img decoding=\"async\" width=\"800\" height=\"1200\" src=\"https:\/\/marabooth.ca\/wp-content\/uploads\/2023\/06\/location-de-livre-dor-audio.jpg\" class=\"attachment-full size-full wp-image-3651\" alt=\"Audio Guestbook rental\" srcset=\"https:\/\/marabooth.ca\/wp-content\/uploads\/2023\/06\/location-de-livre-dor-audio.jpg 800w, https:\/\/marabooth.ca\/wp-content\/uploads\/2023\/06\/location-de-livre-dor-audio-200x300.jpg 200w, https:\/\/marabooth.ca\/wp-content\/uploads\/2023\/06\/location-de-livre-dor-audio-683x1024.jpg 683w, https:\/\/marabooth.ca\/wp-content\/uploads\/2023\/06\/location-de-livre-dor-audio-768x1152.jpg 768w, https:\/\/marabooth.ca\/wp-content\/uploads\/2023\/06\/location-de-livre-dor-audio-8x12.jpg 8w\" sizes=\"(max-width: 800px) 100vw, 800px\" \/><\/div><div class=\"uael-grid-img-overlay\"><\/div><\/figure><\/div><\/div><div class=\"uael-grid-item  uael-img-gallery-item-4\"><div class=\"uael-grid-item-content\"><figure class=\"uael-grid-img uael-grid-gallery-img uael-ins-hover elementor-clickable\"><div class=\"uael-grid-img-thumbnail uael-ins-target\"><img loading=\"lazy\" decoding=\"async\" width=\"604\" height=\"1800\" src=\"https:\/\/marabooth.ca\/wp-content\/uploads\/2022\/10\/20220708_184704_087b.jpg\" class=\"attachment-full size-full wp-image-2827\" alt=\"wedding photobooth rental\" srcset=\"https:\/\/marabooth.ca\/wp-content\/uploads\/2022\/10\/20220708_184704_087b.jpg 604w, https:\/\/marabooth.ca\/wp-content\/uploads\/2022\/10\/20220708_184704_087b-101x300.jpg 101w, https:\/\/marabooth.ca\/wp-content\/uploads\/2022\/10\/20220708_184704_087b-344x1024.jpg 344w, https:\/\/marabooth.ca\/wp-content\/uploads\/2022\/10\/20220708_184704_087b-515x1536.jpg 515w, https:\/\/marabooth.ca\/wp-content\/uploads\/2022\/10\/20220708_184704_087b-4x12.jpg 4w\" sizes=\"(max-width: 604px) 100vw, 604px\" \/><\/div><div class=\"uael-grid-img-overlay\"><\/div><\/figure><\/div><\/div><\/div><\/div>\t\t\t\t<\/div>\n\t\t\t\t<\/div>\n\t\t\t\t<div class=\"elementor-element elementor-element-78a13aa elementor-widget elementor-widget-heading\" data-id=\"78a13aa\" data-element_type=\"widget\" data-e-type=\"widget\" data-widget_type=\"heading.default\">\n\t\t\t\t\t<h3 class=\"elementor-heading-title elementor-size-default\">Switch to the digital version<\/h3>\t\t\t\t<\/div>\n\t\t\t\t<div class=\"elementor-element elementor-element-3755cbd elementor-widget elementor-widget-heading\" data-id=\"3755cbd\" data-element_type=\"widget\" data-e-type=\"widget\" data-widget_type=\"heading.default\">\n\t\t\t\t\t<h3 class=\"elementor-heading-title elementor-size-default\">for 699$<\/h3>\t\t\t\t<\/div>\n\t\t\t\t\t<\/div>\n\t\t<\/div>\n\t\t\t\t\t<\/div>\n\t\t<\/section>\n\t\t\t\t\t<\/div>\n\t\t<\/div>\n\t\t\t\t\t<\/div>\n\t\t<\/section>\n\t\t\t\t<section class=\"elementor-section elementor-top-section elementor-element elementor-element-b0066cd elementor-section-boxed elementor-section-height-default elementor-section-height-default\" data-id=\"b0066cd\" data-element_type=\"section\" data-e-type=\"section\" data-settings=\"{&quot;background_background&quot;:&quot;classic&quot;}\">\n\t\t\t\t\t\t<div class=\"elementor-container elementor-column-gap-default\">\n\t\t\t\t\t<div class=\"elementor-column elementor-col-100 elementor-top-column elementor-element elementor-element-7d8fafa\" data-id=\"7d8fafa\" data-element_type=\"column\" data-e-type=\"column\">\n\t\t\t<div class=\"elementor-widget-wrap\">\n\t\t\t\t\t\t\t<\/div>\n\t\t<\/div>\n\t\t\t\t\t<\/div>\n\t\t<\/section>\n\t\t\t\t<\/div>","protected":false},"excerpt":{"rendered":"<p>Location photobooth pour votre mariage Marabooth vous propose le package parfait pour votre mariage.\u00a0 DU SUR-MESURE Gardez des souvenirs du plus beau jour de votre vie. &#036; 899 Dur\u00e9e illimit\u00e9e 400 impressions Mod\u00e8le photo Mariage Toile de fond Envoi par courriel Tapis rouge Poteaux de foule Livre d&rsquo;or audio R\u00e9servez maintenant Votre mariage est un [&hellip;]<\/p>\n","protected":false},"author":1,"featured_media":3653,"parent":0,"menu_order":0,"comment_status":"closed","ping_status":"closed","template":"","meta":{"_seopress_robots_primary_cat":"","_seopress_titles_title":"Location photobooth pour votre mariage\u200b","_seopress_titles_desc":"Louez votre Photobooth pour votre mariage gr\u00e2ce \u00e0 Marabooth. Nous sommes sp\u00e9cialiste de la location de Photobooth \u00e0 Montr\u00e9al.","_seopress_robots_index":"","_uag_custom_page_level_css":"","site-sidebar-layout":"no-sidebar","site-content-layout":"page-builder","ast-site-content-layout":"full-width-container","site-content-style":"default","site-sidebar-style":"default","ast-global-header-display":"","ast-banner-title-visibility":"","ast-main-header-display":"","ast-hfb-above-header-display":"","ast-hfb-below-header-display":"","ast-hfb-mobile-header-display":"","site-post-title":"disabled","ast-breadcrumbs-content":"","ast-featured-img":"disabled","footer-sml-layout":"","ast-disable-related-posts":"","theme-transparent-header-meta":"","adv-header-id-meta":"","stick-header-meta":"","header-above-stick-meta":"","header-main-stick-meta":"","header-below-stick-meta":"","astra-migrate-meta-layouts":"set","ast-page-background-enabled":"default","ast-page-background-meta":{"desktop":{"background-color":"","background-image":"","background-repeat":"repeat","background-position":"center center","background-size":"auto","background-attachment":"scroll","background-type":"","background-media":"","overlay-type":"","overlay-color":"","overlay-opacity":"","overlay-gradient":""},"tablet":{"background-color":"","background-image":"","background-repeat":"repeat","background-position":"center center","background-size":"auto","background-attachment":"scroll","background-type":"","background-media":"","overlay-type":"","overlay-color":"","overlay-opacity":"","overlay-gradient":""},"mobile":{"background-color":"","background-image":"","background-repeat":"repeat","background-position":"center center","background-size":"auto","background-attachment":"scroll","background-type":"","background-media":"","overlay-type":"","overlay-color":"","overlay-opacity":"","overlay-gradient":""}},"ast-content-background-meta":{"desktop":{"background-color":"var(--ast-global-color-5)","background-image":"","background-repeat":"repeat","background-position":"center center","background-size":"auto","background-attachment":"scroll","background-type":"","background-media":"","overlay-type":"","overlay-color":"","overlay-opacity":"","overlay-gradient":""},"tablet":{"background-color":"var(--ast-global-color-5)","background-image":"","background-repeat":"repeat","background-position":"center center","background-size":"auto","background-attachment":"scroll","background-type":"","background-media":"","overlay-type":"","overlay-color":"","overlay-opacity":"","overlay-gradient":""},"mobile":{"background-color":"var(--ast-global-color-5)","background-image":"","background-repeat":"repeat","background-position":"center center","background-size":"auto","background-attachment":"scroll","background-type":"","background-media":"","overlay-type":"","overlay-color":"","overlay-opacity":"","overlay-gradient":""}},"footnotes":""},"class_list":["post-3785","page","type-page","status-publish","has-post-thumbnail","hentry"],"uagb_featured_image_src":{"full":["https:\/\/marabooth.ca\/wp-content\/uploads\/2023\/06\/location-de-livre-dor-audio-2.jpg",1600,1068,false],"thumbnail":["https:\/\/marabooth.ca\/wp-content\/uploads\/2023\/06\/location-de-livre-dor-audio-2-150x150.jpg",150,150,true],"medium":["https:\/\/marabooth.ca\/wp-content\/uploads\/2023\/06\/location-de-livre-dor-audio-2-300x200.jpg",300,200,true],"medium_large":["https:\/\/marabooth.ca\/wp-content\/uploads\/2023\/06\/location-de-livre-dor-audio-2-768x513.jpg",768,513,true],"large":["https:\/\/marabooth.ca\/wp-content\/uploads\/2023\/06\/location-de-livre-dor-audio-2-1024x684.jpg",1024,684,true],"1536x1536":["https:\/\/marabooth.ca\/wp-content\/uploads\/2023\/06\/location-de-livre-dor-audio-2-1536x1025.jpg",1536,1025,true],"2048x2048":["https:\/\/marabooth.ca\/wp-content\/uploads\/2023\/06\/location-de-livre-dor-audio-2.jpg",1600,1068,false],"trp-custom-language-flag":["https:\/\/marabooth.ca\/wp-content\/uploads\/2023\/06\/location-de-livre-dor-audio-2-18x12.jpg",18,12,true],"gform-image-choice-sm":["https:\/\/marabooth.ca\/wp-content\/uploads\/2023\/06\/location-de-livre-dor-audio-2.jpg",300,200,false],"gform-image-choice-md":["https:\/\/marabooth.ca\/wp-content\/uploads\/2023\/06\/location-de-livre-dor-audio-2.jpg",400,267,false],"gform-image-choice-lg":["https:\/\/marabooth.ca\/wp-content\/uploads\/2023\/06\/location-de-livre-dor-audio-2.jpg",600,401,false]},"uagb_author_info":{"display_name":"photomaton","author_link":"https:\/\/marabooth.ca\/en_ca\/author\/photomaton\/"},"uagb_comment_info":0,"uagb_excerpt":"Location photobooth pour votre mariage Marabooth vous propose le package parfait pour votre mariage.\u00a0 DU SUR-MESURE Gardez des souvenirs du plus beau jour de votre vie. &#036; 899 Dur\u00e9e illimit\u00e9e 400 impressions Mod\u00e8le photo Mariage Toile de fond Envoi par courriel Tapis rouge Poteaux de foule Livre d&rsquo;or audio R\u00e9servez maintenant Votre mariage est un&hellip;","_links":{"self":[{"href":"https:\/\/marabooth.ca\/en_ca\/wp-json\/wp\/v2\/pages\/3785","targetHints":{"allow":["GET"]}}],"collection":[{"href":"https:\/\/marabooth.ca\/en_ca\/wp-json\/wp\/v2\/pages"}],"about":[{"href":"https:\/\/marabooth.ca\/en_ca\/wp-json\/wp\/v2\/types\/page"}],"author":[{"embeddable":true,"href":"https:\/\/marabooth.ca\/en_ca\/wp-json\/wp\/v2\/users\/1"}],"replies":[{"embeddable":true,"href":"https:\/\/marabooth.ca\/en_ca\/wp-json\/wp\/v2\/comments?post=3785"}],"version-history":[{"count":0,"href":"https:\/\/marabooth.ca\/en_ca\/wp-json\/wp\/v2\/pages\/3785\/revisions"}],"wp:featuredmedia":[{"embeddable":true,"href":"https:\/\/marabooth.ca\/en_ca\/wp-json\/wp\/v2\/media\/3653"}],"wp:attachment":[{"href":"https:\/\/marabooth.ca\/en_ca\/wp-json\/wp\/v2\/media?parent=3785"}],"curies":[{"name":"wp","href":"https:\/\/api.w.org\/{rel}","templated":true}]}}