{"id":3630,"date":"2023-06-08T19:41:10","date_gmt":"2023-06-08T19:41:10","guid":{"rendered":"https:\/\/marabooth.ca\/?page_id=3630"},"modified":"2024-05-14T14:29:45","modified_gmt":"2024-05-14T14:29:45","slug":"operations-marketing","status":"publish","type":"page","link":"https:\/\/marabooth.ca\/en_ca\/marketing-operations\/","title":{"rendered":"Boost your marketing campaigns with our interactive Photobooth!"},"content":{"rendered":"<div data-elementor-type=\"wp-page\" data-elementor-id=\"3630\" class=\"elementor elementor-3630\" data-elementor-post-type=\"page\">\n\t\t\t\t\t\t<section class=\"elementor-section elementor-top-section elementor-element elementor-element-24669688 elementor-section-boxed elementor-section-height-default elementor-section-height-default\" data-id=\"24669688\" data-element_type=\"section\" data-e-type=\"section\">\n\t\t\t\t\t\t<div class=\"elementor-container elementor-column-gap-default\">\n\t\t\t\t\t<div class=\"elementor-column elementor-col-100 elementor-top-column elementor-element elementor-element-525c06a5\" data-id=\"525c06a5\" data-element_type=\"column\" data-e-type=\"column\">\n\t\t\t<div class=\"elementor-widget-wrap elementor-element-populated\">\n\t\t\t\t\t\t<div class=\"elementor-element elementor-element-747db5c1 elementor-widget elementor-widget-text-editor\" data-id=\"747db5c1\" data-element_type=\"widget\" data-e-type=\"widget\" data-widget_type=\"text-editor.default\">\n\t\t\t\t\t\t\t\t\t\n<p>At Marabooth, we understand how important a powerful marketing strategy is to the success of your business. That's why we're delighted to introduce you to our latest offering: marketing operations with our innovative Photobooth.<\/p>\n\n\n\n<div style=\"height:100px\" aria-hidden=\"true\" class=\"wp-block-spacer\"><\/div>\n\n\n\n<h2 class=\"wp-block-heading\"><em>Make a splash at your new product launch!<\/em><\/h2>\n\n\n\n<div style=\"height:100px\" aria-hidden=\"true\" class=\"wp-block-spacer\"><\/div>\n\n\n\n<p>When you launch a new product on the market, it's essential to attract attention and create a lasting impact. Our team of experienced professionals is here to help you achieve this goal with an entertaining, interactive marketing solution.<\/p>\n\n\n\n<div style=\"height:100px\" aria-hidden=\"true\" class=\"wp-block-spacer\"><\/div>\n\n\n\n<div style=\"height:31px\" aria-hidden=\"true\" class=\"wp-block-spacer\"><\/div>\n\n\n\n<p><strong>How does it work?<\/strong><\/p>\n\n\n\n<ol class=\"wp-block-list\">\n<li>We bring our state-of-the-art Photobooth to your event.<\/li>\n\n\n\n<li>Our qualified team takes care of the animation, offering passers-by the chance to take fun photos, showcasing your new product in a creative and original way.<\/li>\n\n\n\n<li>Thanks to our cutting-edge technology, passers-by will be able to consult offer pages dedicated to your new product, directly on the Photobooth screen.<\/li>\n\n\n\n<li>We ensure that every participant leaves with a memorable experience and a strong emotional connection to your brand.<\/li>\n<\/ol>\n\n\n\n<div style=\"height:100px\" aria-hidden=\"true\" class=\"wp-block-spacer\"><\/div>\n\n\n\n<p><strong>The benefits of our offer<\/strong><\/p>\n\n\n\n<ol class=\"wp-block-list\">\n<li>Increased visibility: Enjoy the instant attention of passers-by with our attractive, interactive Photobooth.<\/li>\n\n\n\n<li>Audience engagement: Actively involve your target audience by creating fun memories and encouraging them to discover your new product.<\/li>\n\n\n\n<li>Effective promotion: Our photogenic animations inspire people to share on social networks, generating organic exposure for your brand.<\/li>\n\n\n\n<li>Results tracking: Get valuable data on participants' interaction with your new product thanks to our integrated performance tracking system.<\/li>\n<\/ol>\n\n\n\n<div style=\"height:100px\" aria-hidden=\"true\" class=\"wp-block-spacer\"><\/div>\n\n\n\n<h3 class=\"wp-block-heading\"><strong>Rely on our expertise<\/strong><\/h3>\n\n\n\n<p>Since our establishment in Montreal, we've helped numerous companies strengthen their market presence with our Photobooth rental services. Our dedicated and passionate team is ready to put its expertise to work for you.<\/p>\n\n\n\n<p>Contact us today to discuss your next marketing operation and find out how our interactive Photobooth can boost your product launch!<\/p>\n\t\t\t\t\t\t\t\t<\/div>\n\t\t\t\t\t<\/div>\n\t\t<\/div>\n\t\t\t\t\t<\/div>\n\t\t<\/section>\n\t\t\t\t<section class=\"elementor-section elementor-top-section elementor-element elementor-element-075744c elementor-section-boxed elementor-section-height-default elementor-section-height-default\" data-id=\"075744c\" data-element_type=\"section\" data-e-type=\"section\">\n\t\t\t\t\t\t<div class=\"elementor-container elementor-column-gap-default\">\n\t\t\t\t\t<div class=\"elementor-column elementor-col-100 elementor-top-column elementor-element elementor-element-af48c1d\" data-id=\"af48c1d\" data-element_type=\"column\" data-e-type=\"column\">\n\t\t\t<div class=\"elementor-widget-wrap elementor-element-populated\">\n\t\t\t\t\t\t<div class=\"elementor-element elementor-element-34eef42 elementor-align-center elementor-widget elementor-widget-button\" data-id=\"34eef42\" data-element_type=\"widget\" data-e-type=\"widget\" data-widget_type=\"button.default\">\n\t\t\t\t\t\t\t\t\t\t<a class=\"elementor-button elementor-button-link elementor-size-sm elementor-animation-grow\" href=\"https:\/\/marabooth.ca\/en_ca\/contact-us\/\">\n\t\t\t\t\t\t<span class=\"elementor-button-content-wrapper\">\n\t\t\t\t\t\t\t\t\t<span class=\"elementor-button-text\">Book your photobooth now<\/span>\n\t\t\t\t\t<\/span>\n\t\t\t\t\t<\/a>\n\t\t\t\t\t\t\t\t<\/div>\n\t\t\t\t\t<\/div>\n\t\t<\/div>\n\t\t\t\t\t<\/div>\n\t\t<\/section>\n\t\t\t\t<\/div>","protected":false},"excerpt":{"rendered":"<p>Chez Marabooth, nous comprenons l&rsquo;importance d&rsquo;une strat\u00e9gie marketing percutante pour le succ\u00e8s de votre entreprise. C&rsquo;est pourquoi nous sommes ravis de vous pr\u00e9senter notre toute nouvelle offre : les op\u00e9rations marketing avec notre Photobooth innovant. Faites sensation lors du lancement de votre nouveau produit ! Lorsque vous lancez un nouveau produit sur le march\u00e9, il [&hellip;]<\/p>\n","protected":false},"author":1,"featured_media":0,"parent":0,"menu_order":0,"comment_status":"closed","ping_status":"closed","template":"","meta":{"_seopress_robots_primary_cat":"","_seopress_titles_title":"Photobooth op\u00e9rations marketing et publicit\u00e9","_seopress_titles_desc":"Dynamisez vos op\u00e9rations marketing avec notre Photobooth interactif ! Chez Marabooth, nous comprenons l'importance d'une strat\u00e9gie marketing","_seopress_robots_index":"","_uag_custom_page_level_css":"","site-sidebar-layout":"default","site-content-layout":"","ast-site-content-layout":"default","site-content-style":"default","site-sidebar-style":"default","ast-global-header-display":"","ast-banner-title-visibility":"","ast-main-header-display":"","ast-hfb-above-header-display":"","ast-hfb-below-header-display":"","ast-hfb-mobile-header-display":"","site-post-title":"","ast-breadcrumbs-content":"","ast-featured-img":"","footer-sml-layout":"","ast-disable-related-posts":"","theme-transparent-header-meta":"","adv-header-id-meta":"","stick-header-meta":"","header-above-stick-meta":"","header-main-stick-meta":"","header-below-stick-meta":"","astra-migrate-meta-layouts":"set","ast-page-background-enabled":"default","ast-page-background-meta":{"desktop":{"background-color":"","background-image":"","background-repeat":"repeat","background-position":"center center","background-size":"auto","background-attachment":"scroll","background-type":"","background-media":"","overlay-type":"","overlay-color":"","overlay-opacity":"","overlay-gradient":""},"tablet":{"background-color":"","background-image":"","background-repeat":"repeat","background-position":"center center","background-size":"auto","background-attachment":"scroll","background-type":"","background-media":"","overlay-type":"","overlay-color":"","overlay-opacity":"","overlay-gradient":""},"mobile":{"background-color":"","background-image":"","background-repeat":"repeat","background-position":"center center","background-size":"auto","background-attachment":"scroll","background-type":"","background-media":"","overlay-type":"","overlay-color":"","overlay-opacity":"","overlay-gradient":""}},"ast-content-background-meta":{"desktop":{"background-color":"var(--ast-global-color-5)","background-image":"","background-repeat":"repeat","background-position":"center center","background-size":"auto","background-attachment":"scroll","background-type":"","background-media":"","overlay-type":"","overlay-color":"","overlay-opacity":"","overlay-gradient":""},"tablet":{"background-color":"var(--ast-global-color-5)","background-image":"","background-repeat":"repeat","background-position":"center center","background-size":"auto","background-attachment":"scroll","background-type":"","background-media":"","overlay-type":"","overlay-color":"","overlay-opacity":"","overlay-gradient":""},"mobile":{"background-color":"var(--ast-global-color-5)","background-image":"","background-repeat":"repeat","background-position":"center center","background-size":"auto","background-attachment":"scroll","background-type":"","background-media":"","overlay-type":"","overlay-color":"","overlay-opacity":"","overlay-gradient":""}},"footnotes":""},"class_list":["post-3630","page","type-page","status-publish","hentry"],"uagb_featured_image_src":{"full":false,"thumbnail":false,"medium":false,"medium_large":false,"large":false,"1536x1536":false,"2048x2048":false,"trp-custom-language-flag":false,"gform-image-choice-sm":false,"gform-image-choice-md":false,"gform-image-choice-lg":false},"uagb_author_info":{"display_name":"photomaton","author_link":"https:\/\/marabooth.ca\/en_ca\/author\/photomaton\/"},"uagb_comment_info":0,"uagb_excerpt":"Chez Marabooth, nous comprenons l&rsquo;importance d&rsquo;une strat\u00e9gie marketing percutante pour le succ\u00e8s de votre entreprise. C&rsquo;est pourquoi nous sommes ravis de vous pr\u00e9senter notre toute nouvelle offre : les op\u00e9rations marketing avec notre Photobooth innovant. Faites sensation lors du lancement de votre nouveau produit ! Lorsque vous lancez un nouveau produit sur le march\u00e9, il&hellip;","_links":{"self":[{"href":"https:\/\/marabooth.ca\/en_ca\/wp-json\/wp\/v2\/pages\/3630","targetHints":{"allow":["GET"]}}],"collection":[{"href":"https:\/\/marabooth.ca\/en_ca\/wp-json\/wp\/v2\/pages"}],"about":[{"href":"https:\/\/marabooth.ca\/en_ca\/wp-json\/wp\/v2\/types\/page"}],"author":[{"embeddable":true,"href":"https:\/\/marabooth.ca\/en_ca\/wp-json\/wp\/v2\/users\/1"}],"replies":[{"embeddable":true,"href":"https:\/\/marabooth.ca\/en_ca\/wp-json\/wp\/v2\/comments?post=3630"}],"version-history":[{"count":0,"href":"https:\/\/marabooth.ca\/en_ca\/wp-json\/wp\/v2\/pages\/3630\/revisions"}],"wp:attachment":[{"href":"https:\/\/marabooth.ca\/en_ca\/wp-json\/wp\/v2\/media?parent=3630"}],"curies":[{"name":"wp","href":"https:\/\/api.w.org\/{rel}","templated":true}]}}