{"id":2734,"date":"2022-06-28T04:08:48","date_gmt":"2022-06-28T03:58:23","guid":{"rendered":"https:\/\/marabooth.ca\/villes\/location-photomaton-acton-vale-quebec\/"},"modified":"2022-06-28T04:08:49","modified_gmt":"2022-06-28T04:08:49","slug":"location-photomaton-acton-vale-quebec","status":"publish","type":"page","link":"https:\/\/marabooth.ca\/en_ca\/cities\/location-photomaton-acton-vale-quebec\/","title":{"rendered":"Rent your photo booth in Acton Vale (Quebec)"},"content":{"rendered":"\n<div style=\"height:100px\" aria-hidden=\"true\" class=\"wp-block-spacer\"><\/div>\n\n\n\n<div class=\"wp-block-columns is-layout-flex wp-container-core-columns-is-layout-28f84493 wp-block-columns-is-layout-flex\">\n<div class=\"wp-block-column is-layout-flow wp-block-column-is-layout-flow\">\n<h2 class=\"wp-block-heading\" id=\"marabooth-une-solution-pour-simple-le-meilleur-moyen-pour-louer-votre-photomaton-photobooth\">MARABOOTH &#8211; Location de photomaton pour vos \u00e9v\u00e9nements<\/h2>\n\n\n\n<p>Louer un photomaton n&rsquo;a jamais \u00e9t\u00e9 aussi simple. Que vous soyez un professionnel ou un particulier. Notre offre va correspondre \u00e0 vos besoins. Le photomaton est vraiment indispensable pour garder de super souvenirs de votre <strong>soir\u00e9e<\/strong>. Il peut \u00eatre utlis\u00e9 pour des op\u00e9rations marketing comme pour faire d\u00e9couvrir une marque \u00e0 un public.<\/p>\n<\/div>\n\n\n\n<div class=\"wp-block-column is-layout-flow wp-block-column-is-layout-flow\">\n<figure class=\"wp-block-image size-full\"><img fetchpriority=\"high\" decoding=\"async\" width=\"800\" height=\"478\" src=\"https:\/\/marabooth.ca\/wp-content\/uploads\/2022\/02\/marabooth-logo-1.png\" alt=\"Location de photomaton \u00e0 Acton Vale (Quebec)\" class=\"wp-image-1653\" srcset=\"https:\/\/marabooth.ca\/wp-content\/uploads\/2022\/02\/marabooth-logo-1.png 800w, https:\/\/marabooth.ca\/wp-content\/uploads\/2022\/02\/marabooth-logo-1-300x179.png 300w, https:\/\/marabooth.ca\/wp-content\/uploads\/2022\/02\/marabooth-logo-1-768x459.png 768w, https:\/\/marabooth.ca\/wp-content\/uploads\/2022\/02\/marabooth-logo-1-18x12.png 18w, https:\/\/marabooth.ca\/wp-content\/uploads\/2022\/02\/marabooth-logo-1-187x112.png 187w\" sizes=\"(max-width: 800px) 100vw, 800px\" \/><\/figure>\n<\/div>\n<\/div>\n\n\n\n<div class=\"wp-block-buttons alignfull is-content-justification-center is-layout-flex wp-container-core-buttons-is-layout-a89b3969 wp-block-buttons-is-layout-flex\">\n<div class=\"wp-block-button has-custom-width wp-block-button__width-50 has-custom-font-size is-style-outline is-style-outline--1\" style=\"font-size:17px\"><a class=\"wp-block-button__link has-ast-global-color-1-color has-text-color\" href=\"https:\/\/marabooth.ca\/#prix\">NOS PRIX POUR LOUER VOTRE PHOTOMATON MAINTENANT<\/a><\/div>\n<\/div>\n\n\n\n<div style=\"height:100px\" aria-hidden=\"true\" class=\"wp-block-spacer\"><\/div>\n\n\n\n<h3 class=\"wp-block-heading\">Le prix des locations de photobooth \u00e0 Acton Vale :<\/h3>\n\n\n\n<p>\u00c0 <strong>Acton Vale<\/strong> comme en partout au Quebec, le prix varie de entre 899$ \u00e0 1500$. Les forfaits sont g\u00e9n\u00e9ralement en location de temps entre 2h et 5h. Avec Marabooth, vous louez \u00e0 l&rsquo;apr\u00e9s-midi, la soir\u00e9e ou la journ\u00e9e&#8230; Il n&rsquo;y a pas du dur\u00e9e de temps pour votre<a href=\"https:\/\/marabooth.ca\"> location de photomaton<\/a> chez Marabooth.<\/p>\n\n\n\n<h3 class=\"wp-block-heading\"><b>Le <b>prix<\/b> d&rsquo;une <b>location photobooth<\/b> pour un \u00e9v\u00e9nement priv\u00e9<\/b><\/h3>\n\n\n\n<ul class=\"wp-block-list\"><li>Prix d&rsquo;un pack sans l&rsquo;impression de photo : 200$<\/li><li>Prix d&rsquo;un pack avec photo + 1$ la photo : 200$<\/li><li>Prix d&rsquo;un pack photos illimit\u00e9es : 500$<\/li><\/ul>\n\n\n\n<div style=\"height:100px\" aria-hidden=\"true\" class=\"wp-block-spacer\"><\/div>\n\n\n\n<h2 class=\"wp-block-heading\" id=\"louer-un-photomaton-pas-chere-pres-de-chez-vous\">Louer un photomaton pas ch\u00e8re pr\u00e8s de chez vous<\/h2>\n\n\n\n<p>Marabooth vous offre la solution de photomaton la moins ch\u00e8re de Acton Vale. C&rsquo;est le meilleur moyen de garder un super souvenir de vos \u00e9v\u00e9nements. Le photomaton c&rsquo;est un super effet garanti. Vos invit\u00e9s pourrons garder un souvenir en image de votre \u00e9v\u00e9nement. Marabooth va vous permettre de capturer et immortaliser votre soir\u00e9e.<\/p>\n\n\n\n<p>Les cabines photo sont la nouvelles grande tendance pour les mariages \u00e0 Acton Vale (Quebec) ! Louez le meilleur photomaton pour votre c\u00e9r\u00e9monies et vous \u00eates assur\u00e9 d&rsquo;avoir les plus m\u00e9morables souvenirs de tous les temps !<\/p>\n\n\n\n<p>Peu importe si vous d\u00e9cidez de r\u00e9server une grande ou une petite cabine, ouverte avec seulement une toile de fond ou compl\u00e8tement ferm\u00e9e pour permettre aux gens d&rsquo;\u00e9chapper aux regards indiscrets, l&rsquo;effet sera le m\u00eame &#8211; des invit\u00e9s, des amis ou des coll\u00e8gues qui sourient et redeviennent des enfants !<\/p>\n\n\n\n<h4 class=\"wp-block-heading\" id=\"entreprises-societes-compagnies-louant-des-photomaton-a-quebeccity-city-name-quebeccity-region-name\">Entreprises louant des photomaton \u00e0 Acton Vale (Quebec)<\/h4>\n\n\n\n<p>Vous trouverez ci-dessous une liste de toutes les compagnies de services de photomaton desservant Acton Vale (Quebec) , ainsi que des indications sur ce qui est offert dans leur offre de <strong>location<\/strong> <strong>normal<\/strong>. Nous esp\u00e9rons que cette liste, ainsi que notre galerie de toutes les cabines photo \u00e0 Acton Vale (Quebec), vous aidera \u00e0 trouver la meilleure cabine photo pour votre \u00e9v\u00e9nement ou votre \u00e9v\u00e9n\u00e9ments.<\/p>\n\n\n\n<div class=\"wp-block-uagb-star-rating uag-star-rating__wrapper uagb-block-542ce479 uag-star-rating__layout-stack\"><p class=\"uag-star-rating__title\"><strong>Les utilisateurs de notre service nous ont donn\u00e9 la note de : <\/strong><\/p><div class=\"uag-star-rating\" title=\"5\/5\"><span class=\"uag-star\">\u2605<\/span><span class=\"uag-star\">\u2605<\/span><span class=\"uag-star\">\u2605<\/span><span class=\"uag-star\">\u2605<\/span><span class=\"uag-star\">\u2605<\/span><\/div><\/div>\n\n\n\n<p class=\"has-text-align-right has-small-font-size\"><em>(Sources : Yelp &amp; Google My Business)<\/em><\/p>\n\n\n\n<div style=\"height:100px\" aria-hidden=\"true\" class=\"wp-block-spacer\"><\/div>\n\n\n\n<div class=\"wp-block-buttons alignfull is-content-justification-center is-layout-flex wp-container-core-buttons-is-layout-a89b3969 wp-block-buttons-is-layout-flex\">\n<div class=\"wp-block-button has-custom-width wp-block-button__width-50 has-custom-font-size is-style-outline is-style-outline--2\" style=\"font-size:17px\"><a class=\"wp-block-button__link has-ast-global-color-1-color has-text-color\" href=\"https:\/\/marabooth.ca\/#prix\">NOS PACKAGES ICI<\/a><\/div>\n<\/div>\n\n\n\n<div style=\"height:100px\" aria-hidden=\"true\" class=\"wp-block-spacer\"><\/div>\n\n\n\n<h2 class=\"wp-block-heading\" id=\"trouver-votre-photomaton-ici\">Trouver votre photomaton ici :<\/h2>\n\n\n<iframe class=\"page-generator-pro-map\" width=\"100%\" height=\"450\" frameborder=\"0\" style=\"border:0\" src=\"https:\/\/www.google.com\/maps\/embed\/v1\/place?q=Acton+Vale&#038;zoom=14&#038;maptype=roadmap&#038;key=AIzaSyCNTEOso0tZG6YMSJFoaJEY5Th1stEWrJI\" allowfullscreen><\/iframe>\n\n\n<div style=\"height:100px\" aria-hidden=\"true\" class=\"wp-block-spacer\"><\/div>\n\n\n\n<h2 class=\"wp-block-heading\" id=\"les-autres-villes-ou-louer-un-photomaton\">Les autres villes o\u00f9 louer un photomaton<\/h2>\n\n\n<ul class=\"page-generator-pro-related-links page-generator-pro-related-links-columns-2 page-generator-pro-related-links-list-links page-generator-pro-related-links-vertical\"><li><a href=\"https:\/\/marabooth.ca\/en_ca\/cities\/rental-photomaton-alexandria-ontario\/\" title=\"Location de photomaton \u00e0 Alexandria (Ontario)\">Location de photomaton \u00e0 Alexandria (Ontario)<\/a><\/li><li><a href=\"https:\/\/marabooth.ca\/en_ca\/cities\/rental-photomaton-alfred-ontario\/\" title=\"Location de photomaton \u00e0 Alfred (Ontario)\">Location de photomaton \u00e0 Alfred (Ontario)<\/a><\/li><li><a href=\"https:\/\/marabooth.ca\/en_ca\/cities\/rental-photomaton-angers-quebec\/\" title=\"Location de photomaton \u00e0 Angers (Quebec)\">Location de photomaton \u00e0 Angers (Quebec)<\/a><\/li><li><a href=\"https:\/\/marabooth.ca\/en_ca\/cities\/rental-photomaton-anjou-quebec\/\" title=\"Louez votre photomaton \u00e0 Anjou (Quebec)\">Louez votre photomaton \u00e0 Anjou (Quebec)<\/a><\/li><li><a href=\"https:\/\/marabooth.ca\/en_ca\/cities\/rental-photomaton-apple-hill-ontario\/\" title=\"Louez votre photomaton \u00e0 Apple Hill (Ontario)\">Louez votre photomaton \u00e0 Apple Hill (Ontario)<\/a><\/li><li><a href=\"https:\/\/marabooth.ca\/en_ca\/cities\/rental-photomaton-asbestos-quebec\/\" title=\"Louez votre photomaton \u00e0 Asbestos (Quebec)\">Louez votre photomaton \u00e0 Asbestos (Quebec)<\/a><\/li><li><a href=\"https:\/\/marabooth.ca\/en_ca\/cities\/location-photomaton-ascot-quebec\/\" title=\"Location de photomaton \u00e0 Ascot (Quebec)\">Location de photomaton \u00e0 Ascot (Quebec)<\/a><\/li><li><a href=\"https:\/\/marabooth.ca\/en_ca\/cities\/rental-photomaton-avondale-ontario\/\" title=\"Location de photomaton \u00e0 Avondale (Ontario)\">Location de photomaton \u00e0 Avondale (Ontario)<\/a><\/li><li><a href=\"https:\/\/marabooth.ca\/en_ca\/cities\/rental-photomaton-avonmore-ontario\/\" title=\"Location de photomaton \u00e0 Avonmore (Ontario)\">Location de photomaton \u00e0 Avonmore (Ontario)<\/a><\/li><li><a href=\"https:\/\/marabooth.ca\/en_ca\/cities\/rental-photomaton-baldwins-bridge-ontario\/\" title=\"Location de photomaton \u00e0 Baldwins Bridge (Ontario)\">Location de photomaton \u00e0 Baldwins Bridge (Ontario)<\/a><\/li><li><a href=\"https:\/\/marabooth.ca\/en_ca\/cities\/rental-photomaton-baltics-corners-ontario\/\" title=\"Louez votre photomaton \u00e0 Baltics Corners (Ontario)\">Louez votre photomaton \u00e0 Baltics Corners (Ontario)<\/a><\/li><li><a href=\"https:\/\/marabooth.ca\/en_ca\/cities\/location-photomaton-barford-quebec\/\" title=\"Location de photomaton \u00e0 Barford (Quebec)\">Location de photomaton \u00e0 Barford (Quebec)<\/a><\/li><li><a href=\"https:\/\/marabooth.ca\/en_ca\/cities\/rental-photomaton-barnston-quebec\/\" title=\"Louez votre photomaton \u00e0 Barnston (Quebec)\">Louez votre photomaton \u00e0 Barnston (Quebec)<\/a><\/li><li><a href=\"https:\/\/marabooth.ca\/en_ca\/cities\/location-photomaton-beaconsfield-quebec\/\" title=\"Location de photomaton \u00e0 Beaconsfield (Quebec)\">Location de photomaton \u00e0 Beaconsfield (Quebec)<\/a><\/li><li><a href=\"https:\/\/marabooth.ca\/en_ca\/cities\/location-photomaton-beauharnois-quebec\/\" title=\"Louez votre photomaton \u00e0 Beauharnois (Quebec)\">Louez votre photomaton \u00e0 Beauharnois (Quebec)<\/a><\/li><li><a href=\"https:\/\/marabooth.ca\/en_ca\/cities\/location-photomaton-becancour-quebec\/\" title=\"Location de photomaton \u00e0 B\u00e9cancour (Quebec)\">Location de photomaton \u00e0 B\u00e9cancour (Quebec)<\/a><\/li><li><a href=\"https:\/\/marabooth.ca\/en_ca\/cities\/location-photomaton-bellefeuille-quebec\/\" title=\"Location de photomaton \u00e0 Bellefeuille (Quebec)\">Location de photomaton \u00e0 Bellefeuille (Quebec)<\/a><\/li><li><a href=\"https:\/\/marabooth.ca\/en_ca\/cities\/rental-photomaton-bethune-bush-ontario\/\" title=\"Louez votre photomaton \u00e0 Bethune Bush (Ontario)\">Louez votre photomaton \u00e0 Bethune Bush (Ontario)<\/a><\/li><\/ul>\n\n\n\n<hr class=\"wp-block-separator has-text-color has-ast-global-color-0-color has-css-opacity has-ast-global-color-0-background-color has-background is-style-wide\"\/>\n\n\n\n<div class=\"wp-block-columns is-layout-flex wp-container-core-columns-is-layout-28f84493 wp-block-columns-is-layout-flex\">\n<div class=\"wp-block-column is-layout-flow wp-block-column-is-layout-flow\"><img decoding=\"async\" src=\"https:\/\/pixabay.com\/get\/gfb22ebe3a8ca1982c4f614b3e958912da821c0647d6ef45a782b849e494a64c90b69518dae963947f36c171f1a934226e7f740ac8efc81f89fc571bc86fd4cee_1280.jpg\" \/><\/div>\n\n\n\n<div class=\"wp-block-column is-layout-flow wp-block-column-is-layout-flow\"><img decoding=\"async\" src=\"https:\/\/pixabay.com\/get\/g6b44bcf5dcd9f9181dee1d60a6fe9ac4760194d941a08f913abf93e249521d521c80e0af599ac31ceda8835a09d5a24acd5b447b54bdef79a0ca7ef7496e185e_1280.jpg\" \/><\/div>\n<\/div>\n\n\n\n<div style=\"height:100px\" aria-hidden=\"true\" class=\"wp-block-spacer\"><\/div>\n\n\n\n<h2 class=\"wp-block-heading\" id=\"les-questions-frequentes-posees\">Les questions fr\u00e9quentes pos\u00e9es<\/h2>\n\n\n\n<div style=\"height:30px\" aria-hidden=\"true\" class=\"wp-block-spacer\"><\/div>\n\n\n\t\t<section\t\thelp class=\"sc_fs_faq sc_card    \"\n\t\t\t\t>\n\t\t\t\t<h2>Quel est le prix d&#039;une location de photomaton \u00e0 Acton Vale (Quebec) ?<\/h2>\t\t\t\t<div>\n\t\t\t\t\t\t<div class=\"sc_fs_faq__content\">\n\t\t\t\t\n\n<p>Les prix pour emprunter d&rsquo;un <strong>photomaton<\/strong> varient entre les villes. Ils sont g\u00e9n\u00e9ralement entre 200$ et 500$ la <strong>soir\u00e9e<\/strong>.<\/p>\n\n\t\t\t<\/div>\n\t\t<\/div>\n\t\t<\/section>\n\t\t\t\t<section\t\thelp class=\"sc_fs_faq sc_card    \"\n\t\t\t\t>\n\t\t\t\t<h2>Pour quel type d&#039;\u00e9v\u00e9nement la location d&#039;un photomaton ?<\/h2>\t\t\t\t<div>\n\t\t\t\t\t\t<div class=\"sc_fs_faq__content\">\n\t\t\t\t\n\n<p>l&#8217;emprunt d&rsquo;un photomaton est parfait pour tout un tas d&rsquo;occassion. <\/p>\n\n\n\n<ul class=\"wp-block-list\"><li>Un mariage<\/li><li>Un anniversaire<\/li><li>Un vernissage<\/li><li>Le lancement d&rsquo;une marque<\/li><li>5 \u00e0 7<\/li><li>Gala<\/li><li>&#8230;<\/li><\/ul>\n\n\t\t\t<\/div>\n\t\t<\/div>\n\t\t<\/section>\n\t\t\t\t<section\t\thelp class=\"sc_fs_faq sc_card    \"\n\t\t\t\t>\n\t\t\t\t<h2>O\u00f9 trouver un photomaton vintage \u00e0 Acton Vale <\/h2>\t\t\t\t<div>\n\t\t\t\t\t\t<div class=\"sc_fs_faq__content\">\n\t\t\t\t\n\n<p>Marabooth vous propose de louer photomaton vintage. Contactez-nous pour le louer des maintenant.<\/p>\n\n\t\t\t<\/div>\n\t\t<\/div>\n\t\t<\/section>\n\t\t\t\t<section\t\thelp class=\"sc_fs_faq sc_card    \"\n\t\t\t\t>\n\t\t\t\t<h2>Qu&#039;est-ce qu&#039;un photomaton ?<\/h2>\t\t\t\t<div>\n\t\t\t\t\t\t<div class=\"sc_fs_faq__content\">\n\t\t\t\t\n\n<p>Un photomaton est un dispositif de photo autonome. Il permet de prendre des photos et de les imprimer en quelqures secondes. Marabooth propose un large choix de design ou de format photo.<\/p>\n\n\t\t\t<\/div>\n\t\t<\/div>\n\t\t<\/section>\n\t\t\n<script type=\"application\/ld+json\">\n\t{\n\t\t\"@context\": \"https:\/\/schema.org\",\n\t\t\"@type\": \"FAQPage\",\n\t\t\"mainEntity\": [\n\t\t\t\t\t{\n\t\t\t\t\"@type\": \"Question\",\n\t\t\t\t\"name\": \"Quel est le prix d'une location de photomaton \u00e0 Acton Vale (Quebec) ?\",\n\t\t\t\t\"acceptedAnswer\": {\n\t\t\t\t\t\"@type\": \"Answer\",\n\t\t\t\t\t\"text\": \"<p>Les prix pour emprunter d'un <strong>photomaton<\/strong> varient entre les villes. Ils sont g\u00e9n\u00e9ralement entre 200$ et 500$ la <strong>soir\u00e9e<\/strong>.<\/p>\"\n\t\t\t\t\t\t\t\t\t}\n\t\t\t}\n\t\t\t,\t\t\t\t{\n\t\t\t\t\"@type\": \"Question\",\n\t\t\t\t\"name\": \"Pour quel type d'\u00e9v\u00e9nement la location d'un photomaton ?\",\n\t\t\t\t\"acceptedAnswer\": {\n\t\t\t\t\t\"@type\": \"Answer\",\n\t\t\t\t\t\"text\": \"<p>l'emprunt d'un photomaton est parfait pour tout un tas d'occassion. <\/p><ul><li>Un mariage<\/li><li>Un anniversaire<\/li><li>Un vernissage<\/li><li>Le lancement d'une marque<\/li><li>5 \u00e0 7<\/li><li>Gala<\/li><li>...<\/li><\/ul>\"\n\t\t\t\t\t\t\t\t\t}\n\t\t\t}\n\t\t\t,\t\t\t\t{\n\t\t\t\t\"@type\": \"Question\",\n\t\t\t\t\"name\": \"O\u00f9 trouver un photomaton vintage \u00e0 Acton Vale \",\n\t\t\t\t\"acceptedAnswer\": {\n\t\t\t\t\t\"@type\": \"Answer\",\n\t\t\t\t\t\"text\": \"<p>Marabooth vous propose de louer photomaton vintage. Contactez-nous pour le louer des maintenant.<\/p>\"\n\t\t\t\t\t\t\t\t\t}\n\t\t\t}\n\t\t\t,\t\t\t\t{\n\t\t\t\t\"@type\": \"Question\",\n\t\t\t\t\"name\": \"Qu'est-ce qu'un photomaton ?\",\n\t\t\t\t\"acceptedAnswer\": {\n\t\t\t\t\t\"@type\": \"Answer\",\n\t\t\t\t\t\"text\": \"<p>Un photomaton est un dispositif de photo autonome. Il permet de prendre des photos et de les imprimer en quelqures secondes. Marabooth propose un large choix de design ou de format photo.<\/p>\"\n\t\t\t\t\t\t\t\t\t}\n\t\t\t}\n\t\t\t\t\t\t]\n\t}\n<\/script>\n\n\n\n<div class=\"wp-block-columns is-layout-flex wp-container-core-columns-is-layout-28f84493 wp-block-columns-is-layout-flex\">\n<div class=\"wp-block-column is-layout-flow wp-block-column-is-layout-flow\">\n<h2 class=\"wp-block-heading\" id=\"notre-page-sur-yelp\">Notre page sur Yelp<\/h2>\n\n\n\n<p><a href=\"https:\/\/fr.yelp.ca\/biz\/marabooth-montr%C3%A9al\">https:\/\/fr.yelp.ca\/biz\/marabooth-montr%C3%A9al<\/a><\/p>\n<\/div>\n\n\n\n<div class=\"wp-block-column is-layout-flow wp-block-column-is-layout-flow\">\n<h2 class=\"wp-block-heading\" id=\"notre-page-google-business\">Notre page Google Business<\/h2>\n\n\n\n<p><a href=\"https:\/\/goo.gl\/maps\/GQWEQVk8yDpeukKm7\">https:\/\/goo.gl\/maps\/GQWEQVk8yDpeukKm7<\/a><\/p>\n<\/div>\n<\/div>\n","protected":false},"excerpt":{"rendered":"<p>MARABOOTH &#8211; Location de photomaton pour vos \u00e9v\u00e9nements Louer un photomaton n&rsquo;a jamais \u00e9t\u00e9 aussi simple. Que vous soyez un professionnel ou un particulier. Notre offre va correspondre \u00e0 vos besoins. Le photomaton est vraiment indispensable pour garder de super souvenirs de votre soir\u00e9e. Il peut \u00eatre utlis\u00e9 pour des op\u00e9rations marketing comme pour faire [&hellip;]<\/p>\n","protected":false},"author":1,"featured_media":0,"parent":1731,"menu_order":0,"comment_status":"closed","ping_status":"closed","template":"","meta":{"_seopress_robots_primary_cat":"","_seopress_titles_title":"","_seopress_titles_desc":"","_seopress_robots_index":"","_uag_custom_page_level_css":"","site-sidebar-layout":"default","site-content-layout":"","ast-site-content-layout":"default","site-content-style":"default","site-sidebar-style":"default","ast-global-header-display":"","ast-banner-title-visibility":"","ast-main-header-display":"","ast-hfb-above-header-display":"","ast-hfb-below-header-display":"","ast-hfb-mobile-header-display":"","site-post-title":"","ast-breadcrumbs-content":"","ast-featured-img":"","footer-sml-layout":"","ast-disable-related-posts":"","theme-transparent-header-meta":"","adv-header-id-meta":"","stick-header-meta":"","header-above-stick-meta":"","header-main-stick-meta":"","header-below-stick-meta":"","astra-migrate-meta-layouts":"default","ast-page-background-enabled":"default","ast-page-background-meta":{"desktop":{"background-color":"","background-image":"","background-repeat":"repeat","background-position":"center center","background-size":"auto","background-attachment":"scroll","background-type":"","background-media":"","overlay-type":"","overlay-color":"","overlay-opacity":"","overlay-gradient":""},"tablet":{"background-color":"","background-image":"","background-repeat":"repeat","background-position":"center center","background-size":"auto","background-attachment":"scroll","background-type":"","background-media":"","overlay-type":"","overlay-color":"","overlay-opacity":"","overlay-gradient":""},"mobile":{"background-color":"","background-image":"","background-repeat":"repeat","background-position":"center center","background-size":"auto","background-attachment":"scroll","background-type":"","background-media":"","overlay-type":"","overlay-color":"","overlay-opacity":"","overlay-gradient":""}},"ast-content-background-meta":{"desktop":{"background-color":"var(--ast-global-color-5)","background-image":"","background-repeat":"repeat","background-position":"center center","background-size":"auto","background-attachment":"scroll","background-type":"","background-media":"","overlay-type":"","overlay-color":"","overlay-opacity":"","overlay-gradient":""},"tablet":{"background-color":"var(--ast-global-color-5)","background-image":"","background-repeat":"repeat","background-position":"center center","background-size":"auto","background-attachment":"scroll","background-type":"","background-media":"","overlay-type":"","overlay-color":"","overlay-opacity":"","overlay-gradient":""},"mobile":{"background-color":"var(--ast-global-color-5)","background-image":"","background-repeat":"repeat","background-position":"center center","background-size":"auto","background-attachment":"scroll","background-type":"","background-media":"","overlay-type":"","overlay-color":"","overlay-opacity":"","overlay-gradient":""}},"footnotes":""},"class_list":["post-2734","page","type-page","status-publish","hentry"],"uagb_featured_image_src":{"full":false,"thumbnail":false,"medium":false,"medium_large":false,"large":false,"1536x1536":false,"2048x2048":false,"trp-custom-language-flag":false,"gform-image-choice-sm":false,"gform-image-choice-md":false,"gform-image-choice-lg":false},"uagb_author_info":{"display_name":"photomaton","author_link":"https:\/\/marabooth.ca\/en_ca\/author\/photomaton\/"},"uagb_comment_info":0,"uagb_excerpt":"MARABOOTH &#8211; Location de photomaton pour vos \u00e9v\u00e9nements Louer un photomaton n&rsquo;a jamais \u00e9t\u00e9 aussi simple. Que vous soyez un professionnel ou un particulier. Notre offre va correspondre \u00e0 vos besoins. Le photomaton est vraiment indispensable pour garder de super souvenirs de votre soir\u00e9e. Il peut \u00eatre utlis\u00e9 pour des op\u00e9rations marketing comme pour faire&hellip;","_links":{"self":[{"href":"https:\/\/marabooth.ca\/en_ca\/wp-json\/wp\/v2\/pages\/2734","targetHints":{"allow":["GET"]}}],"collection":[{"href":"https:\/\/marabooth.ca\/en_ca\/wp-json\/wp\/v2\/pages"}],"about":[{"href":"https:\/\/marabooth.ca\/en_ca\/wp-json\/wp\/v2\/types\/page"}],"author":[{"embeddable":true,"href":"https:\/\/marabooth.ca\/en_ca\/wp-json\/wp\/v2\/users\/1"}],"replies":[{"embeddable":true,"href":"https:\/\/marabooth.ca\/en_ca\/wp-json\/wp\/v2\/comments?post=2734"}],"version-history":[{"count":0,"href":"https:\/\/marabooth.ca\/en_ca\/wp-json\/wp\/v2\/pages\/2734\/revisions"}],"up":[{"embeddable":true,"href":"https:\/\/marabooth.ca\/en_ca\/wp-json\/wp\/v2\/pages\/1731"}],"wp:attachment":[{"href":"https:\/\/marabooth.ca\/en_ca\/wp-json\/wp\/v2\/media?parent=2734"}],"curies":[{"name":"wp","href":"https:\/\/api.w.org\/{rel}","templated":true}]}}